{"id":32,"date":"2025-01-02T19:34:58","date_gmt":"2025-01-03T00:34:58","guid":{"rendered":"https:\/\/radioelite997.com\/?page_id=32"},"modified":"2025-01-06T20:49:01","modified_gmt":"2025-01-07T01:49:01","slug":"rendiciondecuentas25","status":"publish","type":"page","link":"https:\/\/radioelite997.com\/app\/rendiciondecuentas25\/","title":{"rendered":"Rendici\u00f3n de Cuentas"},"content":{"rendered":"\t\t<div data-elementor-type=\"wp-page\" data-elementor-id=\"32\" class=\"elementor elementor-32\" data-elementor-post-type=\"page\">\n\t\t\t\t<div class=\"elementor-element elementor-element-e989751 e-flex e-con-boxed e-con e-parent\" data-id=\"e989751\" data-element_type=\"container\">\n\t\t\t\t\t<div class=\"e-con-inner\">\n\t\t\t\t<div class=\"elementor-element elementor-element-a370cca elementor-widget elementor-widget-heading\" data-id=\"a370cca\" data-element_type=\"widget\" data-widget_type=\"heading.default\">\n\t\t\t\t<div class=\"elementor-widget-container\">\n\t\t\t\t\t<h2 class=\"elementor-heading-title elementor-size-default\">RENDICI\u00d3N DE CUENTAS<\/h2>\t\t\t\t<\/div>\n\t\t\t\t<\/div>\n\t\t\t\t<div class=\"elementor-element elementor-element-8a8eeed elementor-widget elementor-widget-text-editor\" data-id=\"8a8eeed\" data-element_type=\"widget\" data-widget_type=\"text-editor.default\">\n\t\t\t\t<div class=\"elementor-widget-container\">\n\t\t\t\t\t\t\t\t\t<p>Para radio <strong>ELITE 99.7 FM<\/strong> La rendici\u00f3n de cuentas es una obligaci\u00f3n legal y sobre todo moral que nos permite transparentar la gesti\u00f3n y las acciones que se han desarrollado durante el a\u00f1o 2020.<\/p><p>Este procedimiento lo cumplimos anualmente con absoluta seriedad con la participaci\u00f3n de la ciudadan\u00eda, informando con claridad y precisi\u00f3n el cumplimiento de nuestras responsabilidades y deberes, para que los oyentes y la comunidad en general puedan realizar una justa evaluaci\u00f3n y a su vez aporten con opiniones y sugerencias.<\/p>\t\t\t\t\t\t\t\t<\/div>\n\t\t\t\t<\/div>\n\t\t<div class=\"elementor-element elementor-element-a45e703 e-con-full e-flex e-con e-child\" data-id=\"a45e703\" data-element_type=\"container\">\n\t\t<div class=\"elementor-element elementor-element-2104f85 e-con-full e-flex e-con e-child\" data-id=\"2104f85\" data-element_type=\"container\">\n\t\t\t\t<div class=\"elementor-element elementor-element-6adb249 elementor-widget elementor-widget-heading\" data-id=\"6adb249\" data-element_type=\"widget\" data-widget_type=\"heading.default\">\n\t\t\t\t<div class=\"elementor-widget-container\">\n\t\t\t\t\t<h2 class=\"elementor-heading-title elementor-size-default\">FASE 1<\/h2>\t\t\t\t<\/div>\n\t\t\t\t<\/div>\n\t\t\t\t<div class=\"elementor-element elementor-element-72db451 elementor-widget elementor-widget-text-editor\" data-id=\"72db451\" data-element_type=\"widget\" data-widget_type=\"text-editor.default\">\n\t\t\t\t<div class=\"elementor-widget-container\">\n\t\t\t\t\t\t\t\t\t<p>Conformaci\u00f3n del equipo para elaborar informe de rendici\u00f3n de cuentas. Dise\u00f1o de la propuesta del proceso de rendici\u00f3n de cuenta.<\/p>\t\t\t\t\t\t\t\t<\/div>\n\t\t\t\t<\/div>\n\t\t\t\t<\/div>\n\t\t<div class=\"elementor-element elementor-element-b9bc266 e-con-full e-flex e-con e-child\" data-id=\"b9bc266\" data-element_type=\"container\">\n\t\t\t\t<div class=\"elementor-element elementor-element-28a8fe1 elementor-widget elementor-widget-heading\" data-id=\"28a8fe1\" data-element_type=\"widget\" data-widget_type=\"heading.default\">\n\t\t\t\t<div class=\"elementor-widget-container\">\n\t\t\t\t\t<h2 class=\"elementor-heading-title elementor-size-default\">FASE 2<\/h2>\t\t\t\t<\/div>\n\t\t\t\t<\/div>\n\t\t\t\t<div class=\"elementor-element elementor-element-0e899fa elementor-widget elementor-widget-text-editor\" data-id=\"0e899fa\" data-element_type=\"widget\" data-widget_type=\"text-editor.default\">\n\t\t\t\t<div class=\"elementor-widget-container\">\n\t\t\t\t\t\t\t\t\t<ol><li>Socializaci\u00f3n interna de la rendici\u00f3n de cuentas<\/li><li>Formulario de rendici\u00f3n de cuentas<\/li><li>Aprobaci\u00f3n del informe por el personal de radio \u00e9lite<\/li><\/ol>\t\t\t\t\t\t\t\t<\/div>\n\t\t\t\t<\/div>\n\t\t\t\t<\/div>\n\t\t<div class=\"elementor-element elementor-element-8af6d02 e-con-full e-flex e-con e-child\" data-id=\"8af6d02\" data-element_type=\"container\">\n\t\t\t\t<div class=\"elementor-element elementor-element-daa828a elementor-widget elementor-widget-heading\" data-id=\"daa828a\" data-element_type=\"widget\" data-widget_type=\"heading.default\">\n\t\t\t\t<div class=\"elementor-widget-container\">\n\t\t\t\t\t<h2 class=\"elementor-heading-title elementor-size-default\">FASE 3<\/h2>\t\t\t\t<\/div>\n\t\t\t\t<\/div>\n\t\t\t\t<div class=\"elementor-element elementor-element-1254da9 elementor-widget elementor-widget-text-editor\" data-id=\"1254da9\" data-element_type=\"widget\" data-widget_type=\"text-editor.default\">\n\t\t\t\t<div class=\"elementor-widget-container\">\n\t\t\t\t\t\t\t\t\t<ol><li>Difusi\u00f3n p\u00fablica del informe de rendici\u00f3n de cuentas.<\/li><li>Lugar de rendici\u00f3n de cuentas<\/li><li>Aportes ciudadanos<\/li><\/ol>\t\t\t\t\t\t\t\t<\/div>\n\t\t\t\t<\/div>\n\t\t\t\t<\/div>\n\t\t\t\t<\/div>\n\t\t\t\t\t<\/div>\n\t\t\t\t<\/div>\n\t\t<div class=\"elementor-element elementor-element-5134671 e-flex e-con-boxed e-con e-parent\" data-id=\"5134671\" data-element_type=\"container\">\n\t\t\t\t\t<div class=\"e-con-inner\">\n\t\t\t\t\t<\/div>\n\t\t\t\t<\/div>\n\t\t\t\t<\/div>\n\t\t","protected":false},"excerpt":{"rendered":"<p>RENDICI\u00d3N DE CUENTAS Para radio ELITE 99.7 FM La rendici\u00f3n de cuentas es una obligaci\u00f3n legal y sobre todo moral [&hellip;]<\/p>\n","protected":false},"author":1,"featured_media":0,"parent":0,"menu_order":0,"comment_status":"closed","ping_status":"closed","template":"","meta":{"site-sidebar-layout":"no-sidebar","site-content-layout":"","ast-site-content-layout":"full-width-container","site-content-style":"default","site-sidebar-style":"default","ast-global-header-display":"","ast-banner-title-visibility":"","ast-main-header-display":"","ast-hfb-above-header-display":"","ast-hfb-below-header-display":"","ast-hfb-mobile-header-display":"","site-post-title":"disabled","ast-breadcrumbs-content":"","ast-featured-img":"disabled","footer-sml-layout":"","theme-transparent-header-meta":"default","adv-header-id-meta":"","stick-header-meta":"","header-above-stick-meta":"","header-main-stick-meta":"","header-below-stick-meta":"","astra-migrate-meta-layouts":"set","ast-page-background-enabled":"default","ast-page-background-meta":{"desktop":{"background-color":"var(--ast-global-color-5)","background-image":"","background-repeat":"repeat","background-position":"center center","background-size":"auto","background-attachment":"scroll","background-type":"","background-media":"","overlay-type":"","overlay-color":"","overlay-opacity":"","overlay-gradient":""},"tablet":{"background-color":"","background-image":"","background-repeat":"repeat","background-position":"center center","background-size":"auto","background-attachment":"scroll","background-type":"","background-media":"","overlay-type":"","overlay-color":"","overlay-opacity":"","overlay-gradient":""},"mobile":{"background-color":"","background-image":"","background-repeat":"repeat","background-position":"center center","background-size":"auto","background-attachment":"scroll","background-type":"","background-media":"","overlay-type":"","overlay-color":"","overlay-opacity":"","overlay-gradient":""}},"ast-content-background-meta":{"desktop":{"background-color":"var(--ast-global-color-4)","background-image":"","background-repeat":"repeat","background-position":"center center","background-size":"auto","background-attachment":"scroll","background-type":"","background-media":"","overlay-type":"","overlay-color":"","overlay-opacity":"","overlay-gradient":""},"tablet":{"background-color":"var(--ast-global-color-4)","background-image":"","background-repeat":"repeat","background-position":"center center","background-size":"auto","background-attachment":"scroll","background-type":"","background-media":"","overlay-type":"","overlay-color":"","overlay-opacity":"","overlay-gradient":""},"mobile":{"background-color":"var(--ast-global-color-4)","background-image":"","background-repeat":"repeat","background-position":"center center","background-size":"auto","background-attachment":"scroll","background-type":"","background-media":"","overlay-type":"","overlay-color":"","overlay-opacity":"","overlay-gradient":""}},"footnotes":""},"class_list":["post-32","page","type-page","status-publish","hentry"],"_links":{"self":[{"href":"https:\/\/radioelite997.com\/app\/wp-json\/wp\/v2\/pages\/32","targetHints":{"allow":["GET"]}}],"collection":[{"href":"https:\/\/radioelite997.com\/app\/wp-json\/wp\/v2\/pages"}],"about":[{"href":"https:\/\/radioelite997.com\/app\/wp-json\/wp\/v2\/types\/page"}],"author":[{"embeddable":true,"href":"https:\/\/radioelite997.com\/app\/wp-json\/wp\/v2\/users\/1"}],"replies":[{"embeddable":true,"href":"https:\/\/radioelite997.com\/app\/wp-json\/wp\/v2\/comments?post=32"}],"version-history":[{"count":182,"href":"https:\/\/radioelite997.com\/app\/wp-json\/wp\/v2\/pages\/32\/revisions"}],"predecessor-version":[{"id":1099,"href":"https:\/\/radioelite997.com\/app\/wp-json\/wp\/v2\/pages\/32\/revisions\/1099"}],"wp:attachment":[{"href":"https:\/\/radioelite997.com\/app\/wp-json\/wp\/v2\/media?parent=32"}],"curies":[{"name":"wp","href":"https:\/\/api.w.org\/{rel}","templated":true}]}}