{"id":24,"date":"2025-01-02T19:33:11","date_gmt":"2025-01-03T00:33:11","guid":{"rendered":"https:\/\/radioelite997.com\/?page_id=24"},"modified":"2025-01-05T12:52:20","modified_gmt":"2025-01-05T17:52:20","slug":"nosotros","status":"publish","type":"page","link":"https:\/\/radioelite997.com\/app\/nosotros\/","title":{"rendered":"Nosotros"},"content":{"rendered":"\t\t<div data-elementor-type=\"wp-page\" data-elementor-id=\"24\" class=\"elementor elementor-24\" data-elementor-post-type=\"page\">\n\t\t\t\t<div class=\"elementor-element elementor-element-098bd93 e-flex e-con-boxed e-con e-parent\" data-id=\"098bd93\" data-element_type=\"container\">\n\t\t\t\t\t<div class=\"e-con-inner\">\n\t\t<div class=\"elementor-element elementor-element-c7c08a4 e-con-full e-flex e-con e-child\" data-id=\"c7c08a4\" data-element_type=\"container\">\n\t\t\t\t<div class=\"elementor-element elementor-element-8371f30 elementor-widget elementor-widget-heading\" data-id=\"8371f30\" data-element_type=\"widget\" data-widget_type=\"heading.default\">\n\t\t\t\t<div class=\"elementor-widget-container\">\n\t\t\t\t\t<h2 class=\"elementor-heading-title elementor-size-default\">ACERCA DE NOSOTROS<\/h2>\t\t\t\t<\/div>\n\t\t\t\t<\/div>\n\t\t\t\t<\/div>\n\t\t<div class=\"elementor-element elementor-element-9af0f42 e-con-full e-flex e-con e-child\" data-id=\"9af0f42\" data-element_type=\"container\">\n\t\t<div class=\"elementor-element elementor-element-0706f0a e-con-full e-flex e-con e-child\" data-id=\"0706f0a\" data-element_type=\"container\">\n\t\t\t\t<\/div>\n\t\t<div class=\"elementor-element elementor-element-0994dfd e-con-full e-flex e-con e-child\" data-id=\"0994dfd\" data-element_type=\"container\">\n\t\t\t\t<div class=\"elementor-element elementor-element-3d85dfb elementor-widget elementor-widget-heading\" data-id=\"3d85dfb\" data-element_type=\"widget\" data-widget_type=\"heading.default\">\n\t\t\t\t<div class=\"elementor-widget-container\">\n\t\t\t\t\t<h2 class=\"elementor-heading-title elementor-size-default\">MISI\u00d3N<\/h2>\t\t\t\t<\/div>\n\t\t\t\t<\/div>\n\t\t\t\t<div class=\"elementor-element elementor-element-b560ad9 elementor-widget elementor-widget-text-editor\" data-id=\"b560ad9\" data-element_type=\"widget\" data-widget_type=\"text-editor.default\">\n\t\t\t\t<div class=\"elementor-widget-container\">\n\t\t\t\t\t\t\t\t\t<p>Educar, informar y entretener a la ciudadan\u00eda, contribuyendo de manera positiva al desarrollo del pa\u00eds, caracterizados por la transparencia, veracidad y credibilidad que proporciona una programaci\u00f3n variada con espacios informativos, musicales, deportivos, educativos, culturales, de entretenimiento y de participaci\u00f3n social.<\/p>\t\t\t\t\t\t\t\t<\/div>\n\t\t\t\t<\/div>\n\t\t\t\t<div class=\"elementor-element elementor-element-9c32ac0 elementor-widget elementor-widget-heading\" data-id=\"9c32ac0\" data-element_type=\"widget\" data-widget_type=\"heading.default\">\n\t\t\t\t<div class=\"elementor-widget-container\">\n\t\t\t\t\t<h2 class=\"elementor-heading-title elementor-size-default\">VISI\u00d3N<\/h2>\t\t\t\t<\/div>\n\t\t\t\t<\/div>\n\t\t\t\t<div class=\"elementor-element elementor-element-99f4d7b elementor-widget elementor-widget-text-editor\" data-id=\"99f4d7b\" data-element_type=\"widget\" data-widget_type=\"text-editor.default\">\n\t\t\t\t<div class=\"elementor-widget-container\">\n\t\t\t\t\t\t\t\t\t<p>Ser uno de los medios de Radiodifusi\u00f3n de mayor sinton\u00eda y credibilidad en la provincia del Guayas, impulsando el enriquecimiento cultural y educativo de nuestros oyentes.<\/p>\t\t\t\t\t\t\t\t<\/div>\n\t\t\t\t<\/div>\n\t\t\t\t<div class=\"elementor-element elementor-element-c7b1fcf elementor-widget elementor-widget-heading\" data-id=\"c7b1fcf\" data-element_type=\"widget\" data-widget_type=\"heading.default\">\n\t\t\t\t<div class=\"elementor-widget-container\">\n\t\t\t\t\t<h2 class=\"elementor-heading-title elementor-size-default\">OBJETIVO GENERAL<\/h2>\t\t\t\t<\/div>\n\t\t\t\t<\/div>\n\t\t\t\t<div class=\"elementor-element elementor-element-cf31ffe elementor-widget elementor-widget-text-editor\" data-id=\"cf31ffe\" data-element_type=\"widget\" data-widget_type=\"text-editor.default\">\n\t\t\t\t<div class=\"elementor-widget-container\">\n\t\t\t\t\t\t\t\t\t<p>Desarrollar e innovar la programaci\u00f3n de la radio en base a las necesidades de los oyentes, adaptando nuestra programaci\u00f3n a las \u00faltimas tendencias tecnol\u00f3gicas para poder trascender en las generaciones futuras.<\/p>\t\t\t\t\t\t\t\t<\/div>\n\t\t\t\t<\/div>\n\t\t\t\t<\/div>\n\t\t<div class=\"elementor-element elementor-element-547406b e-con-full e-flex e-con e-child\" data-id=\"547406b\" data-element_type=\"container\">\n\t\t\t\t<\/div>\n\t\t\t\t<\/div>\n\t\t\t\t\t<\/div>\n\t\t\t\t<\/div>\n\t\t\t\t<\/div>\n\t\t","protected":false},"excerpt":{"rendered":"<p>ACERCA DE NOSOTROS MISI\u00d3N Educar, informar y entretener a la ciudadan\u00eda, contribuyendo de manera positiva al desarrollo del pa\u00eds, caracterizados [&hellip;]<\/p>\n","protected":false},"author":1,"featured_media":0,"parent":0,"menu_order":0,"comment_status":"closed","ping_status":"closed","template":"","meta":{"site-sidebar-layout":"no-sidebar","site-content-layout":"","ast-site-content-layout":"full-width-container","site-content-style":"default","site-sidebar-style":"default","ast-global-header-display":"","ast-banner-title-visibility":"","ast-main-header-display":"","ast-hfb-above-header-display":"","ast-hfb-below-header-display":"","ast-hfb-mobile-header-display":"","site-post-title":"disabled","ast-breadcrumbs-content":"","ast-featured-img":"disabled","footer-sml-layout":"","theme-transparent-header-meta":"default","adv-header-id-meta":"","stick-header-meta":"","header-above-stick-meta":"","header-main-stick-meta":"","header-below-stick-meta":"","astra-migrate-meta-layouts":"set","ast-page-background-enabled":"default","ast-page-background-meta":{"desktop":{"background-color":"var(--ast-global-color-5)","background-image":"","background-repeat":"repeat","background-position":"center center","background-size":"auto","background-attachment":"scroll","background-type":"","background-media":"","overlay-type":"","overlay-color":"","overlay-opacity":"","overlay-gradient":""},"tablet":{"background-color":"","background-image":"","background-repeat":"repeat","background-position":"center center","background-size":"auto","background-attachment":"scroll","background-type":"","background-media":"","overlay-type":"","overlay-color":"","overlay-opacity":"","overlay-gradient":""},"mobile":{"background-color":"","background-image":"","background-repeat":"repeat","background-position":"center center","background-size":"auto","background-attachment":"scroll","background-type":"","background-media":"","overlay-type":"","overlay-color":"","overlay-opacity":"","overlay-gradient":""}},"ast-content-background-meta":{"desktop":{"background-color":"var(--ast-global-color-4)","background-image":"","background-repeat":"repeat","background-position":"center center","background-size":"auto","background-attachment":"scroll","background-type":"","background-media":"","overlay-type":"","overlay-color":"","overlay-opacity":"","overlay-gradient":""},"tablet":{"background-color":"var(--ast-global-color-4)","background-image":"","background-repeat":"repeat","background-position":"center center","background-size":"auto","background-attachment":"scroll","background-type":"","background-media":"","overlay-type":"","overlay-color":"","overlay-opacity":"","overlay-gradient":""},"mobile":{"background-color":"var(--ast-global-color-4)","background-image":"","background-repeat":"repeat","background-position":"center center","background-size":"auto","background-attachment":"scroll","background-type":"","background-media":"","overlay-type":"","overlay-color":"","overlay-opacity":"","overlay-gradient":""}},"footnotes":""},"class_list":["post-24","page","type-page","status-publish","hentry"],"_links":{"self":[{"href":"https:\/\/radioelite997.com\/app\/wp-json\/wp\/v2\/pages\/24","targetHints":{"allow":["GET"]}}],"collection":[{"href":"https:\/\/radioelite997.com\/app\/wp-json\/wp\/v2\/pages"}],"about":[{"href":"https:\/\/radioelite997.com\/app\/wp-json\/wp\/v2\/types\/page"}],"author":[{"embeddable":true,"href":"https:\/\/radioelite997.com\/app\/wp-json\/wp\/v2\/users\/1"}],"replies":[{"embeddable":true,"href":"https:\/\/radioelite997.com\/app\/wp-json\/wp\/v2\/comments?post=24"}],"version-history":[{"count":73,"href":"https:\/\/radioelite997.com\/app\/wp-json\/wp\/v2\/pages\/24\/revisions"}],"predecessor-version":[{"id":611,"href":"https:\/\/radioelite997.com\/app\/wp-json\/wp\/v2\/pages\/24\/revisions\/611"}],"wp:attachment":[{"href":"https:\/\/radioelite997.com\/app\/wp-json\/wp\/v2\/media?parent=24"}],"curies":[{"name":"wp","href":"https:\/\/api.w.org\/{rel}","templated":true}]}}